{"id":162,"date":"2014-06-22T15:14:24","date_gmt":"2014-06-22T15:14:24","guid":{"rendered":"http:\/\/forumsystemischeberatung.de\/?page_id=162"},"modified":"2023-01-07T12:15:59","modified_gmt":"2023-01-07T12:15:59","slug":"felix-borowiak","status":"publish","type":"page","link":"https:\/\/forumsystemischeberatung.de\/?page_id=162","title":{"rendered":"Felix Borowiak"},"content":{"rendered":"<p style =\"font-size: 11pt; line-height: 14pt; text-align: right\">Mobil + 49 (0) 177 74 37 180<br \/><a href=\"mailto:info@fborowiak.de\">info@fborowiak.de<\/a><\/p>\n<p><img loading=\"lazy\" decoding=\"async\" src=\"https:\/\/forumsystemischeberatung.de\/wp-content\/uploads\/2014\/06\/borowiak_gr.jpg\" alt=\"Felix Borowiak\" width=\"240\" height=\"361\" class=\"alignnone size-full wp-image-166\" align=\"right\" srcset=\"https:\/\/forumsystemischeberatung.de\/wp-content\/uploads\/2014\/06\/borowiak_gr.jpg 240w, https:\/\/forumsystemischeberatung.de\/wp-content\/uploads\/2014\/06\/borowiak_gr-199x300.jpg 199w\" sizes=\"auto, (max-width: 240px) 100vw, 240px\" \/><br \/>\n<b>PERSON UND QUALIFIKATION<\/b><\/p>\n<ul style=\"font-size: 11pt; line-height: 16pt\">\n<li>Geboren 1953 in Waltrop\/Kreis Recklinghausen (NRW)<\/li>\n<li>Studium der Erziehungswissenschaften (Dipl.-P\u00e4dagoge)<\/li>\n<li>Ausbildung in Gestalttherapie<\/li>\n<li>Ausbildung zum Supervisor (DGSv)<\/li>\n<\/ul>\n<p><b>BERUFLICHER WERDEGANG<\/b><\/p>\n<ul style=\"font-size: 11pt; line-height: 16pt\">\n<li>12 Jahre Dozent und Projektleiter in der beruflichen Fort- und Weiterbildung<\/li>\n<li>5 Jahre Gesch\u00e4ftsf\u00fchrer in einer Unternehmensberatung<\/li>\n<li>seit 1994 Selbstst\u00e4ndiger Berater, Trainer und Coach<\/li>\n<\/ul>\n<p><b>ARBEITSSCHWERPUNKTE<br \/>\nBeratung und Moderation<\/b><\/p>\n<ul style=\"font-size: 11pt; line-height: 16pt\">\n<li>Einf\u00fchrung von Instrumenten der Personalf\u00fchrung<br \/>\n(Zielvereinbarung, Mitarbeitergespr\u00e4che, Teamarbeit, Feedback f\u00fcr F\u00fchrungskr\u00e4fte)<\/li>\n<li>Teamentwicklung und Konfliktmoderation<\/li>\n<li>Moderation von Workshops und Klausuren<\/li>\n<\/ul>\n<p><b>Seminare und Trainings<\/b><\/p>\n<ul style=\"font-size: 11pt; line-height: 16pt\">\n<li>Kommunikations- und Methodentrainings<br \/>\n(Gespr\u00e4chs- und Verhandlungsf\u00fchrung, Moderation, Pr\u00e4sentation, Konfliktmanagement, Besprechungsmanagement)<\/li>\n<li>F\u00fchrungskr\u00e4ftetrainings<br \/>\n(Rolle der F\u00fchrungskraft, Instrumente der F\u00fchrung, F\u00fchren von Teams)<\/li>\n<\/ul>\n<p><b>Supervision und Coaching<\/b><\/p>\n<ul style=\"font-size: 11pt; line-height: 16pt\">\n<li>Supervision und Coaching f\u00fcr Einzelne, Gruppen und Teams<br \/>\n(Rolle der F\u00fchrungskraft in der Organisation, Kommunikation und Konfliktbew\u00e4ltigung, Karriereentwicklung)<\/li>\n<\/ul>\n<p><b>Branchen<\/b><\/p>\n<ul style=\"font-size: 11pt; line-height: 16pt\">\n<li>Automobilzulieferindustrie<\/li>\n<li>IT und Telekommunikation<\/li>\n<li>Versicherungen<\/li>\n<li>Banken<\/li>\n<li>\u00f6ffentliche Verwaltungen<\/li>\n<\/ul>\n","protected":false},"excerpt":{"rendered":"<p>Mobil + 49 (0) 177 74 37 180info@fborowiak.de PERSON UND QUALIFIKATION Geboren 1953 in Waltrop\/Kreis Recklinghausen (NRW) Studium der Erziehungswissenschaften (Dipl.-P\u00e4dagoge) Ausbildung in Gestalttherapie Ausbildung zum Supervisor (DGSv) BERUFLICHER WERDEGANG <a class=\"more-link\" href=\"https:\/\/forumsystemischeberatung.de\/?page_id=162\">Continue Reading &rarr;<\/a><\/p>\n","protected":false},"author":1,"featured_media":0,"parent":0,"menu_order":0,"comment_status":"closed","ping_status":"closed","template":"","meta":{"footnotes":""},"class_list":["post-162","page","type-page","status-publish","hentry"],"_links":{"self":[{"href":"https:\/\/forumsystemischeberatung.de\/index.php?rest_route=\/wp\/v2\/pages\/162","targetHints":{"allow":["GET"]}}],"collection":[{"href":"https:\/\/forumsystemischeberatung.de\/index.php?rest_route=\/wp\/v2\/pages"}],"about":[{"href":"https:\/\/forumsystemischeberatung.de\/index.php?rest_route=\/wp\/v2\/types\/page"}],"author":[{"embeddable":true,"href":"https:\/\/forumsystemischeberatung.de\/index.php?rest_route=\/wp\/v2\/users\/1"}],"replies":[{"embeddable":true,"href":"https:\/\/forumsystemischeberatung.de\/index.php?rest_route=%2Fwp%2Fv2%2Fcomments&post=162"}],"version-history":[{"count":22,"href":"https:\/\/forumsystemischeberatung.de\/index.php?rest_route=\/wp\/v2\/pages\/162\/revisions"}],"predecessor-version":[{"id":360,"href":"https:\/\/forumsystemischeberatung.de\/index.php?rest_route=\/wp\/v2\/pages\/162\/revisions\/360"}],"wp:attachment":[{"href":"https:\/\/forumsystemischeberatung.de\/index.php?rest_route=%2Fwp%2Fv2%2Fmedia&parent=162"}],"curies":[{"name":"wp","href":"https:\/\/api.w.org\/{rel}","templated":true}]}}