{"id":197,"date":"2014-06-22T15:53:49","date_gmt":"2014-06-22T15:53:49","guid":{"rendered":"http:\/\/forumsystemischeberatung.de\/?page_id=197"},"modified":"2023-01-07T12:17:23","modified_gmt":"2023-01-07T12:17:23","slug":"gabriele-gebhardt","status":"publish","type":"page","link":"https:\/\/forumsystemischeberatung.de\/?page_id=197","title":{"rendered":"Gabriele Gebhardt"},"content":{"rendered":"<p style =\"font-size: 11pt; line-height: 14pt; text-align: right\">Tel. +49 (0) 221 96 36 412<br \/>\n Fax +49 (0) 221 96 36 413<br \/><a href=\"mailto:gabriele.gebhardt@kgorga.de\">gabriele.gebhardt@kgorga.de<\/a><br \/><a href=\"https:\/\/www.kgorga.de\" target=\"_blank\" rel=\"noopener\">www.kgorga.de<\/a><\/p>\n<p><img loading=\"lazy\" decoding=\"async\" src=\"https:\/\/forumsystemischeberatung.de\/wp-content\/uploads\/2014\/06\/gebhardt.jpg\" alt=\"Gabriele Gebhardt\" width=\"113\" height=\"155\" class=\"alignnone size-full wp-image-204\"  align=\"right\" hspace=\"20\"><\/p>\n<ul style=\"font-size: 11pt; line-height: 16pt\">\n<li>Geboren 1964 in Oberhausen (NRW)<\/li>\n<li>Studium der Philosophie, Sozialwissenschaften und Romanistik in Barcelona, Bochum und Tours (M.A.)<\/li>\n<li>Graduiertenstudium der Arbeitswissenschaft (Zertifikate u.a. in den Lehrg\u2030ngen Innovationsmanagement, Betriebliche Restrukturierung, Personalentwicklung und Weiterbildungsmanagement, Arbeitsorganisation und Moderne Managementkonzepte)<\/li>\n<li>Fortbildungen in Moderation, NLP (Practitioner),TZI, systemischer Beratung (IGST Heidelberg) und Projektmanagement (PMI, PA, USA)<\/li>\n<\/ul>\n<p><b>BERUFLICHER WERDEGANG<\/b><\/p>\n<ul style=\"font-size: 11pt; line-height: 16pt\">\n<li>sechs Jahre Projektleiterin in einem Forschungsprojekt am Institut f\u00fcr Philosophie der Ruhr-Universit\u00e4t Bochum<\/li>\n<li>seit 1990 Lehrbeauftragte und Dozentin in der Erwachsenenbildung<\/li>\n<li>seit 1994 freiberufliche Trainerin und Beraterin<\/li>\n<li>seit 1999 Partnerin der Kempkes.Gebhardt Organisationsberatung<\/li>\n<li>>seit 2001 Partnerin der Amontis Consulting Group<\/li>\n<\/ul>\n<p><b>T\u00c4TIGKEITSSCHWERPUNKTE<\/b><\/p>\n<ul style=\"font-size: 11pt; line-height: 16pt\">\n<li>Konzeption und Implementierung von Personalmanagementsystemen<\/li>\n<li>Konzeption und Implementierung von Programmen zur Personalentwicklung<\/li>\n<li>Konzeption und Implementierung von F\u00fchrungsinstrumenten (Zielvereinbarung, Beurteilung, Potenzialanalyse,<br \/>\nFeedback f\u00fcr F\u00fchrungskr\u00e4fte, 360\u00b0-Feedback)<\/li>\n<li>Beratung von Change-Management-Prozessen zur Organisations- bzw. Bereichsentwicklung (insbes. durch Feedback-Instrumente, Workshops,<br \/>\nCoachings)<\/li>\n<li>Konzeption und Durchf\u00fchrung von Teamentwicklungsprozessen<\/li>\n<li>Beratung zu Projektmanagementsystemen<\/li>\n<li>Methodentrainings (Konfliktsteuerung, Verhandlungsf\u00b8hrung, Moderation, Pr\u00e4sentation, Gespr\u00e4chsf\u00fchrung, Train-the-trainer etc.)<\/li>\n<li>F\u00fchrungstrainings (Die F\u00fchrungskraft als Change Manager, Effiziente Nutzung von F\u00b8\u00fchrungsinstrumenten, Soziale Kompetenzen in der<br \/>\nF\u00fchrungsrolle etc.)<\/li>\n<li>Projektmanagementtrainings<\/li>\n<li>Coachings von Einzelpersonen, Gruppen bzw. Teams, Einf\u00fchrung kollegialer Beratungsans\u00e4tze<\/li>\n<\/ul>\n<p><b>KUNDEN UND BERATUNGSPROJEKTE (Auszug)<br \/>\nGZ Bank Int. S.A. Luxembourg (heute DZ Bank Int. S.A. Luxembourg)<\/b><\/p>\n<ul style=\"font-size: 11pt; line-height: 16pt\">\n<li>Konzeption und Einf\u00fchrung des Change-Managagement-Prozesses (Mitarbeiterbefragung; F\u00fchrungskr\u00e4fteentwicklungsprogramm<br \/>\nmit Workshops, Trainings, Coachings; Abteilungsworkshops etc.)<\/li>\n<li>F\u00fchrungskr\u00e4fte-Coaching<\/li>\n<\/ul>\n<p><b>Deutsches Zentrum f\u00fcr Luft- und Raumfahrt (DLR) K\u00f6ln<\/b><\/p>\n<ul style=\"font-size: 11pt; line-height: 16pt\">\n<li>Verschiedene Organisationsentwicklungsprozesse in einzelnen Instituten und Abteilungen<\/li>\n<li>Methodentrainings (Konfliktsteuerung, Train-the-trainer, Projektmanagement, Moderation)<\/li>\n<li>Nachwuchsf\u00b8hrungskr\u2030ftetrainings<\/li>\n<\/ul>\n<p><b>Weidm\u00fcller Interface GmbH &#038; Co., Detmold<\/b><\/p>\n<ul style=\"font-size: 11pt; line-height: 16pt\">\n<li>Projektmanagementtrainings<\/li>\n<li>Beratung zu Projektmanagementsystemen<\/li>\n<\/ul>\n<p><b>Ericsson Eurolab Deutschland GmbH, Herzogenrath<\/b><\/p>\n<ul style=\"font-size: 11pt; line-height: 16pt\">\n<li>Konzeption und Durchf\u00fchrung von Teamentwicklungsprozessen im F&#038;E-Bereich<\/li>\n<\/ul>\n<p><b>Gemeindeverwaltung Ginsheim-Gustavsburg<\/b><\/p>\n<ul style=\"font-size: 11pt; line-height: 16pt\">\n<li>Umsetzung des F\u00fchrungskr\u00e4fteentwicklungsprogramms (Trainings, Coachings, Workshops)<\/li>\n<li>Implementierung von F\u00fchrungsinstrumenten (Zielvereinbarung, Mitarbeiterbeurteilung) im Rahmen des<br \/>\nProzesses der Verwaltungsreform<\/li>\n<li>Leitung des Projektes Personalmanagement<\/li>\n<\/ul>\n<p><b>Bundesversicherungsanstalt f\u00fcr Angestellte (BfA) Berlin<\/b><\/p>\n<ul style=\"font-size: 11pt; line-height: 16pt\">\n<li>Beratungen zum Personalmanagementsystem<\/li>\n<li>Konzeption und Durchf\u00fchrung des Entwicklungsprogramms f\u00fcr Nachwuchsf\u00fchrungskr\u00e4fte<\/li>\n<li>F\u00fchrungstrainings, Konzeption und Durchf\u00fchrung von Dezernats-Workshops im Rahmen der Restrukturierung<\/li>\n<li>Teamentwicklungsprozesse f\u00fcr einzelne Organisationseinheiten, Einzelcoachings<\/li>\n<\/ul>\n","protected":false},"excerpt":{"rendered":"<p>Tel. +49 (0) 221 96 36 412 Fax +49 (0) 221 96 36 413gabriele.gebhardt@kgorga.dewww.kgorga.de Geboren 1964 in Oberhausen (NRW) Studium der Philosophie, Sozialwissenschaften und Romanistik in Barcelona, Bochum und Tours <a class=\"more-link\" href=\"https:\/\/forumsystemischeberatung.de\/?page_id=197\">Continue Reading &rarr;<\/a><\/p>\n","protected":false},"author":1,"featured_media":0,"parent":0,"menu_order":0,"comment_status":"closed","ping_status":"closed","template":"","meta":{"footnotes":""},"class_list":["post-197","page","type-page","status-publish","hentry"],"_links":{"self":[{"href":"https:\/\/forumsystemischeberatung.de\/index.php?rest_route=\/wp\/v2\/pages\/197","targetHints":{"allow":["GET"]}}],"collection":[{"href":"https:\/\/forumsystemischeberatung.de\/index.php?rest_route=\/wp\/v2\/pages"}],"about":[{"href":"https:\/\/forumsystemischeberatung.de\/index.php?rest_route=\/wp\/v2\/types\/page"}],"author":[{"embeddable":true,"href":"https:\/\/forumsystemischeberatung.de\/index.php?rest_route=\/wp\/v2\/users\/1"}],"replies":[{"embeddable":true,"href":"https:\/\/forumsystemischeberatung.de\/index.php?rest_route=%2Fwp%2Fv2%2Fcomments&post=197"}],"version-history":[{"count":15,"href":"https:\/\/forumsystemischeberatung.de\/index.php?rest_route=\/wp\/v2\/pages\/197\/revisions"}],"predecessor-version":[{"id":361,"href":"https:\/\/forumsystemischeberatung.de\/index.php?rest_route=\/wp\/v2\/pages\/197\/revisions\/361"}],"wp:attachment":[{"href":"https:\/\/forumsystemischeberatung.de\/index.php?rest_route=%2Fwp%2Fv2%2Fmedia&parent=197"}],"curies":[{"name":"wp","href":"https:\/\/api.w.org\/{rel}","templated":true}]}}