{"id":213,"date":"2014-06-22T16:15:29","date_gmt":"2014-06-22T16:15:29","guid":{"rendered":"http:\/\/forumsystemischeberatung.de\/?page_id=213"},"modified":"2023-01-07T12:18:14","modified_gmt":"2023-01-07T12:18:14","slug":"kerstin-zulechner","status":"publish","type":"page","link":"https:\/\/forumsystemischeberatung.de\/?page_id=213","title":{"rendered":"Kerstin Zulechner"},"content":{"rendered":"<p style=\"font-size: 11pt; line-height: 14pt; text-align: right;\"><a href=\"https:\/\/forumsystemischeberatung.de\/wp-content\/uploads\/2019\/04\/Kerstin-Zulechner.jpg\"><img loading=\"lazy\" decoding=\"async\" class=\"alignnone wp-image-331 size-full\" src=\"https:\/\/forumsystemischeberatung.de\/wp-content\/uploads\/2019\/04\/Kerstin-Zulechner.jpg\" alt=\"Kerstin Zulechner\" width=\"229\" vspace=\"20\" hspace=\"20\" height=\"157\" align=\"right\"><\/a><\/p>\n<p>Diplom-Psychologin<br \/>\nGeboren am 22.08.1971 in Dinslaken<\/p>\n<p><b>Kontaktdaten<br \/>\n<\/b>Hunbergstr. 11<br \/>\n44628 Herne<br \/>\nTel.: +49 163 277 10 30<br \/>\nE-Mail:<a href=\"mailto:kerstin@zulechner.de\"> kerstin@zulechner.de<\/a><\/p>\n<p style=\"font-size: 12pt; line-height: 1pt; text-align: left;\"><b>Berufliche Qualifikation &amp; Entwicklung<\/b><\/p>\n<ul style=\"font-size: 12pt; line-height: 14pt;\">\n<li><strong>01.2018 &#8211; heute:<\/strong> Zulechner Unternehmensentwicklung<br \/>\nBeraterin, Projektleiterin, Trainerin und Coach in Organisationsentwicklungs- und Strategieprojekten<\/li>\n<li><strong>01.2013 &#8211; 12.2017:<\/strong> Gesch\u00e4ftsleitung, seit 2014 Gesch\u00e4ftsf\u00fchrende Gesellschafterin bei der Schuchert Managementberatung GmbH &amp; Co. KG, Bochum\n<ul style=\"font-size: 12pt; line-height: 14pt;\">\n<li>(Projekt-)Managementberatung im Mittelstand<\/li>\n<li>Entwicklung und Markteinf\u00fchrung Aufgaben- und Projektmanagement-Tool factro\u00ae (www.factro.de)<\/li>\n<\/ul>\n<\/li>\n<li><strong>01.2008 &#8211; 12.2013:<\/strong> Senior-Beraterin und Projektmanagerin Critical Chain Projektmanagement (Vistem GmbH &amp; Co. KG, Heppenheim)<\/li>\n<li><strong>10.2005 &#8211; 08.2012:<\/strong> Lehrauftrag f\u00fcr &#8222;Leadership &amp; Negotiation Skills&#8220; f\u00fcr den Internationalen Masters-Studiengang &#8222;Petroleum Engineering&#8220; am Institut f\u00fcr Erd\u00f6l- und Erdgastechnik (TU Clausthal, Clausthal-Zellerfeld)<\/li>\n<li><strong>04.1999 &#8211; 01.2001:<\/strong> Leitung des Weiterbildungsbereichs &#8222;Personalentwicklung&#8220; f\u00fcr Postgraduierte (DAA, Dortmund)<\/li>\n<li><strong>04.1999 &#8211; 12.2012:<\/strong> t\u00e4tig als freiberufliche Trainerin, Beraterin und Projektleiterin (Zulechner Unternehmensentwicklung)<\/li>\n<\/ul>\n<p style=\"font-size: 12pt; line-height: 1pt; text-align: left;\"><b>Weiterbildungen und Zusatzqualifikationen<\/b><\/p>\n<ul style=\"font-size: 12pt; line-height: 14pt;\">\n<li>Coaching-Ausbildungen \u201eL\u00f6sungsorientiertes Coaching\u201c (2003-2005, Team f\u00fcr L\u00f6sungsmanagement) und \u201eGanzheitlicher Coach f\u00fcr den Mittelstand\u201c (2010, sabeconsult)<\/li>\n<li>TOC Fundamentals Exam (2010, Theory of Constraints International Certification Organisation \/ TOCICO)<\/li>\n<li>Mitkonzeption des Zertifizierungslehrgangs \u201eBerater im Projektmanagement\u201c der GPM (Deutsche Gesellschaft f\u00fcr Projektmanagement e.V.) und Durchf\u00fchrung der Pilotlehrg\u00e4nge<\/li>\n<\/ul>\n<p style=\"font-size: 12pt; line-height: 14pt; text-align: left;\"><b>Beratungs- und Trainingsschwerpunkte<br \/>\n<\/b>Projektmanagement-Beratung<\/p>\n<ul style=\"font-size: 12pt; line-height: 14pt;\">\n<li>Einf\u00fchrung und Weiterentwicklung von Projektmanagementsystemen (inklusive agiler Ans\u00e4tze wie SCRUM und Critical Chain Projektmanagement)<\/li>\n<li>Beratung und Umsetzung mit Workshops, Trainings, Coachings und Gro\u00dfgruppenveranstaltungen<\/li>\n<li>Begleitung von Projektmanagement-Software Einf\u00fchrungen inkl. Training und Coaching on the Job<\/li>\n<\/ul>\n<p>Strategische Unternehmensentwicklung \/ Business Development \/ Innovation im Mittelstand<\/p>\n<ul style=\"font-size: 12pt; line-height: 14pt;\">\n<li>Organisationsentwicklung, Aufbau einer agilen Unternehmenskultur, Management Coaching und Begleitung von Teamentwicklungsprozessen<\/li>\n<li>Konzeption und Begleitung von Change-Prozessen<\/li>\n<li>Entwicklung und Umsetzung von Kommunikationskonzepten<\/li>\n<\/ul>\n<p>Training &amp; Coaching<\/p>\n<ul style=\"font-size: 12pt; line-height: 14pt;\">\n<li>Entwicklung von Fach- und F\u00fchrungskr\u00e4ften (Kommunikations- und Managementkompetenzen, Selbstf\u00fchrung)<\/li>\n<li>Qualifizierung von Projektmanagern und (internen) Beratern<\/li>\n<li>Einzel- und Teamcoaching<\/li>\n<\/ul>\n<p style=\"font-size: 12pt; line-height: 1pt; text-align: left;\"><b>Sprachkompetenz<\/b><\/p>\n<ul style=\"font-size: 12pt; line-height: 14pt;\">\n<li>Deutsch (Muttersprache)<\/li>\n<li>Englisch (flie\u00dfend in Wort und Schrift)<\/li>\n<\/ul>\n","protected":false},"excerpt":{"rendered":"<p>Diplom-Psychologin Geboren am 22.08.1971 in Dinslaken Kontaktdaten Hunbergstr. 11 44628 Herne Tel.: +49 163 277 10 30 E-Mail: kerstin@zulechner.de Berufliche Qualifikation &amp; Entwicklung 01.2018 &#8211; heute: Zulechner Unternehmensentwicklung Beraterin, Projektleiterin, <a class=\"more-link\" href=\"https:\/\/forumsystemischeberatung.de\/?page_id=213\">Continue Reading &rarr;<\/a><\/p>\n","protected":false},"author":1,"featured_media":0,"parent":0,"menu_order":0,"comment_status":"closed","ping_status":"closed","template":"","meta":{"footnotes":""},"class_list":["post-213","page","type-page","status-publish","hentry"],"_links":{"self":[{"href":"https:\/\/forumsystemischeberatung.de\/index.php?rest_route=\/wp\/v2\/pages\/213","targetHints":{"allow":["GET"]}}],"collection":[{"href":"https:\/\/forumsystemischeberatung.de\/index.php?rest_route=\/wp\/v2\/pages"}],"about":[{"href":"https:\/\/forumsystemischeberatung.de\/index.php?rest_route=\/wp\/v2\/types\/page"}],"author":[{"embeddable":true,"href":"https:\/\/forumsystemischeberatung.de\/index.php?rest_route=\/wp\/v2\/users\/1"}],"replies":[{"embeddable":true,"href":"https:\/\/forumsystemischeberatung.de\/index.php?rest_route=%2Fwp%2Fv2%2Fcomments&post=213"}],"version-history":[{"count":35,"href":"https:\/\/forumsystemischeberatung.de\/index.php?rest_route=\/wp\/v2\/pages\/213\/revisions"}],"predecessor-version":[{"id":362,"href":"https:\/\/forumsystemischeberatung.de\/index.php?rest_route=\/wp\/v2\/pages\/213\/revisions\/362"}],"wp:attachment":[{"href":"https:\/\/forumsystemischeberatung.de\/index.php?rest_route=%2Fwp%2Fv2%2Fmedia&parent=213"}],"curies":[{"name":"wp","href":"https:\/\/api.w.org\/{rel}","templated":true}]}}