{"id":262,"date":"2014-06-22T17:24:40","date_gmt":"2014-06-22T17:24:40","guid":{"rendered":"http:\/\/forumsystemischeberatung.de\/?page_id=262"},"modified":"2014-06-22T18:14:29","modified_gmt":"2014-06-22T18:14:29","slug":"idee","status":"publish","type":"page","link":"https:\/\/forumsystemischeberatung.de\/?page_id=262","title":{"rendered":"Die Idee"},"content":{"rendered":"<p style =\"font-size: 11pt; line-height: 14pt; text-align: left\">Das Forum Systemische Beratung (FSB) wurde im Mai 2000 von befreundeten Organisationsberaterinnen und -beratern mit dem Ziel gegr\u00fcndet, einen regelm\u00e4\u00dfigen Gedanken- und Erfahrungsaustausch zu theoretischen und praktischen Fragen der eigenen Profession zu pflegen. Mittlerweile sind rund 20 Personen aus den Bereichen Personal- und Organisationsentwicklung, IT-Beratung und Projektmanagement, Sozialp\u00e4dagogik und Psychotherapie sowie der Unternehmenskommunikation mit dem Forum verbunden. Gemeinsamer Fokus ist das Interesse an den vielf\u00e4ltigen Ans\u00e4tzen in der Systemtheorie und ihrer praktischen Umsetzung in den jeweiligen Arbeitsfeldern. Das Forum w\u00e4chst stetig; seit April 2004 sind wir ein eingetragener Verein. Unsere wesentlichen Ziele sind:<\/p>\n<dl>\n<dt>1. Austausch<\/p>\n<dd>Das Forum bietet die M\u00f6glichkeit zur interkollegialen und interdisziplin\u00e4ren Supervision von Problemstellungen der eigenen Praxis. Des Weiteren werden Erfahrungsberichte, Seminar- oder Literaturtipps ausgetauscht. Neben den regelm\u00e4\u00dfig stattfindenden Treffen soll auch die vorliegende Internet-Site diesem Zweck dienen.<\/p>\n<dt>2. Weiterbildung<\/p>\n<dd>Das Forum organisiert Vortr\u00e4ge, Seminare und Workshops zu Themen, die im engeren oder auch weiteren Sinne mit Systemtheorie zu tun haben. Diese werden von Mitgliedern des Forums oder Externen geleitet.<\/dt>\n<p><\/p>\n<dt>3. Veranstaltungen<\/p>\n<dd>Aufgrund der wachsenden Zahl von Interessenten werden umfangreichere Veranstaltungen mit externen Dozentinnen bzw. Referenten durchgef\u00fchrt. Dazu z\u00e4hlt die \u201eInterPM \u2013 Konferenz zur Zukunft im Projektmanagement durch interdisziplin\u00e4re Ans\u00e4tze\u201c, die von Mitgliedern des Forums initiiert wurde.<\/p>\n<dt>4. Vermittlung<\/p>\n<dd> Die Mitglieder des Forums verf\u00fcgen \u00fcber weit verzweigte Kontakte im den unterschiedlichen Bereichen systemischer Beratung. So k\u00f6nnen Beratungssuchende an passende Kolleginnen oder Kollegen vermittelt werden. Langfristig besteht die Zielsetzung, anhand festgelegter Qualit\u00e4tskriterien eine Zertifizierung zu etablieren, die Interessierten die Auswahl erleichtert.<\/dl>\n<p><\/p>\n","protected":false},"excerpt":{"rendered":"<p>Das Forum Systemische Beratung (FSB) wurde im Mai 2000 von befreundeten Organisationsberaterinnen und -beratern mit dem Ziel gegr\u00fcndet, einen regelm\u00e4\u00dfigen Gedanken- und Erfahrungsaustausch zu theoretischen und praktischen Fragen der eigenen <a class=\"more-link\" href=\"https:\/\/forumsystemischeberatung.de\/?page_id=262\">Continue Reading &rarr;<\/a><\/p>\n","protected":false},"author":1,"featured_media":0,"parent":0,"menu_order":0,"comment_status":"closed","ping_status":"closed","template":"","meta":{"footnotes":""},"class_list":["post-262","page","type-page","status-publish","hentry"],"_links":{"self":[{"href":"https:\/\/forumsystemischeberatung.de\/index.php?rest_route=\/wp\/v2\/pages\/262","targetHints":{"allow":["GET"]}}],"collection":[{"href":"https:\/\/forumsystemischeberatung.de\/index.php?rest_route=\/wp\/v2\/pages"}],"about":[{"href":"https:\/\/forumsystemischeberatung.de\/index.php?rest_route=\/wp\/v2\/types\/page"}],"author":[{"embeddable":true,"href":"https:\/\/forumsystemischeberatung.de\/index.php?rest_route=\/wp\/v2\/users\/1"}],"replies":[{"embeddable":true,"href":"https:\/\/forumsystemischeberatung.de\/index.php?rest_route=%2Fwp%2Fv2%2Fcomments&post=262"}],"version-history":[{"count":6,"href":"https:\/\/forumsystemischeberatung.de\/index.php?rest_route=\/wp\/v2\/pages\/262\/revisions"}],"predecessor-version":[{"id":288,"href":"https:\/\/forumsystemischeberatung.de\/index.php?rest_route=\/wp\/v2\/pages\/262\/revisions\/288"}],"wp:attachment":[{"href":"https:\/\/forumsystemischeberatung.de\/index.php?rest_route=%2Fwp%2Fv2%2Fmedia&parent=262"}],"curies":[{"name":"wp","href":"https:\/\/api.w.org\/{rel}","templated":true}]}}