{"id":265,"date":"2014-06-22T17:25:12","date_gmt":"2014-06-22T17:25:12","guid":{"rendered":"http:\/\/forumsystemischeberatung.de\/?page_id=265"},"modified":"2014-06-22T18:15:01","modified_gmt":"2014-06-22T18:15:01","slug":"motive","status":"publish","type":"page","link":"https:\/\/forumsystemischeberatung.de\/?page_id=265","title":{"rendered":"Motive"},"content":{"rendered":"<p style =\"font-size: 11pt; line-height: 14pt; text-align: left\"><b>Warum systemisch?<\/b><br \/>\nDie Hervorhebung des systemischen Ansatzes in unserem Forum folgt der gemeinsamen \u00dcberzeugung, dass die aktuelle Systemtheorie konkurrenzlos als Landkarte f\u00fcr die Beschreibung von komplexen sozialen Systemen dasteht. Die Auseinandersetzung mit Komplexit\u00e4t, die letztlich immer gleichbedeutend mit \u00dcberforderung ist, wird hier zu einem zentralen Gegenstand. Die Systemtheorie besch\u00e4ftigt sich seit rund 50 Jahren mit der Entstehung, Dynamik und Entwicklung komplexer Systeme \u2013 dies nat\u00fcrlich vorwiegend mit dem Wunsch gezielter Einflussnahme. Eben hier geraten wir in eine Paradoxie: zeigt doch gerade die Systemtheorie, dass sich komplexe Systeme durch Undurchschaubarkeit, Unberechenbarkeit und Unvorhersehbarkeit auszeichnen, dass sich beispielweise Organisationen trotz aller F\u00fchrungs- und Managementbem\u00fchungen in erster Linie selbst organisieren. Man kann diese Beschr\u00e4nkungen verneinen und versuchen, gegen sie zu operieren, oder man kann sie zur Rahmenbedingung professionellen Handelns machen. Die aktuelle Systemtheorie entwickelt gerade aus Letztgenanntem ihre \u00dcberlegenheit im Umgang mit komplexen Sinnsystemen (wie Individuen, Gruppen, Organisationen).<br \/>\nNat\u00fcrlich gibt es nicht nur eine Systemtheorie. Neben der Unterscheidung zwischen der klassischen Systemtheorie (Kybernetik erster Ordnung) und der Systemtheorie zweiter Ordnung, die erstere erkenntnistheoretisch auf einen zeitgem\u00e4\u00dfen Stand gebracht hat, bestehen unterschiedliche Ausrichtungen und Schulen. Gerade dies bereichert die Diskussion und somit die Angebote f\u00fcr systemisches Handeln. Denn auch wenn das \u201eSystemische\u201c f\u00fcr Au\u00dfenstehende erst mal sehr reflektierend und theorielastig daherkommt \u2013 uns fasziniert die enorme Wirksamkeit, die wir mit systemischem Vorgehen in unseren jeweiligen beruflichen Feldern erfahren haben. Das hohe Potenzial des systemischen Ansatzes f\u00fcr die Praxis nutzbar zu machen ist das zentrale Ziel des Forums.<\/p>\n","protected":false},"excerpt":{"rendered":"<p>Warum systemisch? Die Hervorhebung des systemischen Ansatzes in unserem Forum folgt der gemeinsamen \u00dcberzeugung, dass die aktuelle Systemtheorie konkurrenzlos als Landkarte f\u00fcr die Beschreibung von komplexen sozialen Systemen dasteht. Die <a class=\"more-link\" href=\"https:\/\/forumsystemischeberatung.de\/?page_id=265\">Continue Reading &rarr;<\/a><\/p>\n","protected":false},"author":1,"featured_media":0,"parent":0,"menu_order":0,"comment_status":"closed","ping_status":"closed","template":"","meta":{"footnotes":""},"class_list":["post-265","page","type-page","status-publish","hentry"],"_links":{"self":[{"href":"https:\/\/forumsystemischeberatung.de\/index.php?rest_route=\/wp\/v2\/pages\/265","targetHints":{"allow":["GET"]}}],"collection":[{"href":"https:\/\/forumsystemischeberatung.de\/index.php?rest_route=\/wp\/v2\/pages"}],"about":[{"href":"https:\/\/forumsystemischeberatung.de\/index.php?rest_route=\/wp\/v2\/types\/page"}],"author":[{"embeddable":true,"href":"https:\/\/forumsystemischeberatung.de\/index.php?rest_route=\/wp\/v2\/users\/1"}],"replies":[{"embeddable":true,"href":"https:\/\/forumsystemischeberatung.de\/index.php?rest_route=%2Fwp%2Fv2%2Fcomments&post=265"}],"version-history":[{"count":6,"href":"https:\/\/forumsystemischeberatung.de\/index.php?rest_route=\/wp\/v2\/pages\/265\/revisions"}],"predecessor-version":[{"id":290,"href":"https:\/\/forumsystemischeberatung.de\/index.php?rest_route=\/wp\/v2\/pages\/265\/revisions\/290"}],"wp:attachment":[{"href":"https:\/\/forumsystemischeberatung.de\/index.php?rest_route=%2Fwp%2Fv2%2Fmedia&parent=265"}],"curies":[{"name":"wp","href":"https:\/\/api.w.org\/{rel}","templated":true}]}}