{"id":302,"date":"2018-05-20T16:26:46","date_gmt":"2018-05-20T16:26:46","guid":{"rendered":"http:\/\/forumsystemischeberatung.de\/?page_id=302"},"modified":"2018-05-20T16:42:22","modified_gmt":"2018-05-20T16:42:22","slug":"datenschutzerklaerung","status":"publish","type":"page","link":"https:\/\/forumsystemischeberatung.de\/?page_id=302","title":{"rendered":"Datenschutz"},"content":{"rendered":"<p>Datenschutzerkl\u00e4rung <\/p>\n<p>Wir nehmen den Schutz Ihrer pers\u00f6nlichen Daten sehr ernst. Wir behandeln Ihre personenbezogenen Daten vertraulich und entsprechend der gesetzlichen Datenschutzvorschriften sowie dieser Datenschutzerkl\u00e4rung. <\/p>\n<p>Wir m\u00f6chten Sie hiermit \u00fcber die Verarbeitung von personenbezogenen Daten auf dieser Website informieren. Wir verarbeiten Ihre pers\u00f6nlichen Daten nur, wenn Sie hierin eingewilligt haben oder hier eine gesetzliche Grundlage besteht. <\/p>\n<p>Name und Kontaktdaten des Verantwortlichen. <\/p>\n<p>Verantwortlich f\u00fcr die Verarbeitung der personenbezogenen Daten ist <\/p>\n<p>Dr. Roland Marre&#8216;<br \/>\nFriederikastr. 65<br \/>\n44789 Bochum<br \/>\n0234 3254722<br \/>\ninfo@marrenet.de<\/p>\n<p>Allgemein \u2013 Besuch der Website <\/p>\n<p>Meine Website dient der Bereitstellung von Informationen \u00fcber das Forum Systemische Beratung. Personenbezogenen Daten werden auf meiner Website nicht erhoben.<\/p>\n<p>Beim Besuch meiner Website werden durch den auf Ihrem Endger\u00e4t zum Einsatz kommenden Browser Informationen an den Server meiner Website gesendet. Diese Informationen werden tempor\u00e4r in den Logfiles des Servers gespeichert. Folgende<br \/>\nInformationen werden dabei erhoben: <\/p>\n<p>\u2022IP\u2010Adresse des anfragenden Rechners,<br \/>\n\u2022Datum und Uhrzeit des Zugriffs,<br \/>\n\u2022Name und URL der abgerufenen Datei,<br \/>\n\u2022zuvor besuchte Webseite (Referrer\u2010URL),<br \/>\n\u2022verwendeter Browser und ggf. das Betriebssystem Ihres Rechners sowie der Name Ihres Access\u2010Providers. <\/p>\n<p>Die genannten Daten werden erhoben und verarbeitet, damit ein reibungsloser Verbindungsaufbau der Website sichergestellt wird und die Inhalte korrekt dargestellt werden. Die Daten werden gel\u00f6scht, wenn sie nicht mehr erforderlich sind. Die Rechtsgrundlage f\u00fcr die Datenverarbeitung ist Artikel 6 Absatz 1 Satz 1 lit. f DSGVO.<br \/>\nMein berechtigtes Interesse folgt aus oben aufgelisteten Zwecken zur Datenerhebung. In keinem Fall verwende\/n ich die erhobenen Daten zu dem Zweck, R\u00fcckschl\u00fcsse auf Ihre Person zu ziehen. <\/p>\n<p>Ich weise darauf hin, dass die Daten\u00fcbertragung im Internet Sicherheitsl\u00fccken auf\u2010<br \/>\nweisen kann. Ein l\u00fcckenloser Schutz der Daten vor dem Zugriff durch Dritte ist nicht m\u00f6glich.<br \/>\nSollten Sie \u00fcber E\u2010Mail\u2010Kontakt mit mir\/uns aufnehmen, erfolgt die Verarbeitung Ihrer Daten aufgrund Ihrer freiwillig erteilten Einwilligung gem\u00e4\u00df Artikel 6 Absatz 1 Satz 1 lit. a DSGVO. <\/p>\n<p>Die Angabe Ihrer g\u00fcltigen E\u2010Mail\u2010Adresse ist erforderlich, um Ihre Anfragen beantworten<br \/>\nzu k\u00f6nnen. Diese Daten und Ihre Nachricht werden nur zur Bearbeitung und Beantwortung Ihrer Anfrage gespeichert. Die Daten werden gel\u00f6scht, sobald sie nicht mehr erforderlich sind und keine gesetzliche Aufbewahrungspflicht besteht. Eine Weitergabe Ihrer Daten an Dritte erfolgt nicht. Ihre Einwilligung k\u00f6nnen Sie jederzeit widerrufen. Durch den Widerruf wird die Rechtm\u00e4\u00dfigkeit, der aufgrund der Einwilligung bis zum Widerruf erfolgten Verarbeitung der Daten nicht ber\u00fchrt. Den Widerruf k\u00f6nnen Sie schriftlich oder per E\u2010Mail\u2010richten an: <\/p>\n<p>Dr. Roland Marre&#8216;<br \/>\nFriederikastr. 65<br \/>\n44789 Bochum<br \/>\n0234 3254722<br \/>\ninfo@marrenet.de<\/p>\n<p>Bitte schreiben Sie keine vertraulichen Informationen, insbesondere Gesundheitsdaten in das Kontaktformular oder in eine unverschl\u00fcsselte E\u2010Mail, sondern nutzen Sie es nur zu einer ersten Kontaktaufnahme. <\/p>\n<p>Beschwerderecht bei Aufsichtsbeh\u00f6rde.<\/p>\n<p>Sie haben das Recht, sich bei einer Aufsichtsbeh\u00f6rde zu beschweren (Artikel 77 DSGVO). In der Regel k\u00f6nnen Sie sich hierf\u00fcr an die Aufsichtsbeh\u00f6rde Ihres \u00fcblichen Aufenthaltsortes oder Arbeitsplatzes wenden. Die f\u00fcr mich\/uns zust\u00e4ndige Aufsichtsbeh\u00f6rde ist : <\/p>\n<p>Landesbeauftragte f\u00fcr Datenschutz und Informationsfreiheit<br \/>\nNordrhein-Westfalen<br \/>\nPostfach 20 04 44<br \/>\n40102 D\u00fcsseldorf<br \/>\nTel.: 0211\/38424-0<br \/>\nFax: 0211\/38424-10<br \/>\nE-Mail: poststelle@ldi.nrw.de<\/p>\n<p>Hinweis: Die Kontaktdaten der Landesdatenschutzbeauftragten in den Bundesl\u00e4ndern,<br \/>\ndie f\u00fcr den nicht\u2010\u00f6ffentlichen Bereich zust\u00e4ndig sind, finden Sie auf der Internetseite des Bundesbeauftragten f\u00fcr Datenschutz.<br \/>\n.<br \/>\nAktualit\u00e4t und \u00c4nderung dieser Datenschutzerkl\u00e4rung <\/p>\n<p>Diese Datenschutzerkl\u00e4rung hat den Stand Mai 2018. Ich behalte mir vor, die Datenschutzerkl\u00e4rung zu aktualisieren, um den Datenschutz zu verbessern oder an ge\u00e4nderte beh\u00f6rdliche oder gerichtliche Vorgaben anzupassen. Die aktuelle Datenschutzerkl\u00e4rung kann jederzeit auf dieser Website unter Datenschutz abgerufen und ausgedruckt werden. <\/p>\n","protected":false},"excerpt":{"rendered":"<p>Datenschutzerkl\u00e4rung Wir nehmen den Schutz Ihrer pers\u00f6nlichen Daten sehr ernst. Wir behandeln Ihre personenbezogenen Daten vertraulich und entsprechend der gesetzlichen Datenschutzvorschriften sowie dieser Datenschutzerkl\u00e4rung. Wir m\u00f6chten Sie hiermit \u00fcber die <a class=\"more-link\" href=\"https:\/\/forumsystemischeberatung.de\/?page_id=302\">Continue Reading &rarr;<\/a><\/p>\n","protected":false},"author":1,"featured_media":0,"parent":0,"menu_order":0,"comment_status":"closed","ping_status":"closed","template":"","meta":{"footnotes":""},"class_list":["post-302","page","type-page","status-publish","hentry"],"_links":{"self":[{"href":"https:\/\/forumsystemischeberatung.de\/index.php?rest_route=\/wp\/v2\/pages\/302","targetHints":{"allow":["GET"]}}],"collection":[{"href":"https:\/\/forumsystemischeberatung.de\/index.php?rest_route=\/wp\/v2\/pages"}],"about":[{"href":"https:\/\/forumsystemischeberatung.de\/index.php?rest_route=\/wp\/v2\/types\/page"}],"author":[{"embeddable":true,"href":"https:\/\/forumsystemischeberatung.de\/index.php?rest_route=\/wp\/v2\/users\/1"}],"replies":[{"embeddable":true,"href":"https:\/\/forumsystemischeberatung.de\/index.php?rest_route=%2Fwp%2Fv2%2Fcomments&post=302"}],"version-history":[{"count":2,"href":"https:\/\/forumsystemischeberatung.de\/index.php?rest_route=\/wp\/v2\/pages\/302\/revisions"}],"predecessor-version":[{"id":305,"href":"https:\/\/forumsystemischeberatung.de\/index.php?rest_route=\/wp\/v2\/pages\/302\/revisions\/305"}],"wp:attachment":[{"href":"https:\/\/forumsystemischeberatung.de\/index.php?rest_route=%2Fwp%2Fv2%2Fmedia&parent=302"}],"curies":[{"name":"wp","href":"https:\/\/api.w.org\/{rel}","templated":true}]}}